{"id":72,"date":"2021-02-22T13:37:53","date_gmt":"2021-02-22T13:37:53","guid":{"rendered":"https:\/\/shop2.hcpetersen.de\/?post_type=product&#038;p=72"},"modified":"2025-04-17T12:06:15","modified_gmt":"2025-04-17T12:06:15","slug":"im-schritt-tempo-fortschreiten-zeit","status":"publish","type":"product","link":"https:\/\/shop2.hcpetersen.de\/index.php\/product\/im-schritt-tempo-fortschreiten-zeit\/","title":{"rendered":"Mit Kunst Reisen und Speisen"},"content":{"rendered":"<div id=\"desc\" class=\"ui-tabs-panel ui-widget-content ui-corner-bottom\" role=\"tabpanel\" aria-labelledby=\"ui-id-1\" aria-hidden=\"false\">\n<article><strong>Die Lieferung erfolgt portofrei! Bitte lassen Sie sich auf der Bestellseite nicht irritieren.<\/strong><\/article>\n<article><\/article>\n<article>Interessante Reiseerlebnisse und Landschaftsbeschreibungen*,<br \/>\ngarniert mit Speisevorschl\u00e4gen aus der Toskana, Spanien, Nord- und S\u00fcdfrankreich und nat\u00fcrlich Ostfriesland und dem Norden** machen Appetit auf viele Bilder, Gem\u00e4lde und Illustrationen des Malers und Grafikers H.-C. Petersen, die speziell zu dieser Thematik nach Skizzen umgearbeitet und bearbeitet wurden.* <em>aufgeschrieben von Dieter Piening, Esens, nach den Aufzeichnungen und Erz\u00e4hlungen von H.-C. Petersen<\/em><br \/>\n** <em>ausprobiert von Dieter B\u00e4r, Restaurant &#8222;Zum B\u00e4ren&#8220; in Bensersiel<\/em><\/p>\n<p>Dieses Buch enth\u00e4lt insgesamt 144 Seiten, darunter 26 farbige und 43 einfarbige gro\u00dfformatige Abbildungen.<\/p>\n<p>Im Format 21 x 20cm gedruckt auf Sensation, hadernhaltig 135g\/qm (ein Papier, das man einfach anfassen mu\u00df)<\/p>\n<p>Signierte und numerierte Auflage (500 Exemplare) Hardcover gebunden in blauem Efalin<\/p>\n<\/article>\n<\/div>\n","protected":false},"excerpt":{"rendered":"<p>&#8230;ein Genu\u00df auf 144 Seiten mit insgesamt 69 gro\u00dfformatigen Abbildungen<\/p>\n","protected":false},"featured_media":134,"comment_status":"open","ping_status":"closed","template":"","meta":[],"product_brand":[],"product_cat":[44],"product_tag":[],"class_list":{"0":"post-72","1":"product","2":"type-product","3":"status-publish","4":"has-post-thumbnail","6":"product_cat-buecher","7":"product_shipping_class-kostenloser-versand","9":"first","10":"instock","11":"taxable","12":"shipping-taxable","13":"purchasable","14":"product-type-simple"},"yoast_head":"<!-- This site is optimized with the Yoast SEO plugin v27.4 - https:\/\/yoast.com\/product\/yoast-seo-wordpress\/ -->\n<title>Mit Kunst Reisen und Speisen - HCP&#039;s Galerie-up-Draht<\/title>\n<meta name=\"robots\" content=\"index, follow, max-snippet:-1, max-image-preview:large, max-video-preview:-1\" \/>\n<link rel=\"canonical\" href=\"https:\/\/shop2.hcpetersen.de\/index.php\/product\/im-schritt-tempo-fortschreiten-zeit\/\" \/>\n<meta property=\"og:locale\" content=\"de_DE\" \/>\n<meta property=\"og:type\" content=\"article\" \/>\n<meta property=\"og:title\" content=\"Mit Kunst Reisen und Speisen - HCP&#039;s Galerie-up-Draht\" \/>\n<meta property=\"og:description\" content=\"...ein Genu\u00df auf 144 Seiten mit insgesamt 69 gro\u00dfformatigen Abbildungen\" \/>\n<meta property=\"og:url\" content=\"https:\/\/shop2.hcpetersen.de\/index.php\/product\/im-schritt-tempo-fortschreiten-zeit\/\" \/>\n<meta property=\"og:site_name\" content=\"HCP&#039;s Galerie-up-Draht\" \/>\n<meta property=\"article:modified_time\" content=\"2025-04-17T12:06:15+00:00\" \/>\n<meta property=\"og:image\" content=\"https:\/\/shop2.hcpetersen.de\/wp-content\/uploads\/2021\/02\/01.jpg\" \/>\n\t<meta property=\"og:image:width\" content=\"800\" \/>\n\t<meta property=\"og:image:height\" content=\"773\" \/>\n\t<meta property=\"og:image:type\" content=\"image\/jpeg\" \/>\n<meta name=\"twitter:card\" content=\"summary_large_image\" \/>\n<meta name=\"twitter:label1\" content=\"Gesch\u00e4tzte Lesezeit\" \/>\n\t<meta name=\"twitter:data1\" content=\"1\u00a0Minute\" \/>\n<script type=\"application\/ld+json\" class=\"yoast-schema-graph\">{\"@context\":\"https:\\\/\\\/schema.org\",\"@graph\":[{\"@type\":\"WebPage\",\"@id\":\"https:\\\/\\\/shop2.hcpetersen.de\\\/index.php\\\/product\\\/im-schritt-tempo-fortschreiten-zeit\\\/\",\"url\":\"https:\\\/\\\/shop2.hcpetersen.de\\\/index.php\\\/product\\\/im-schritt-tempo-fortschreiten-zeit\\\/\",\"name\":\"Mit Kunst Reisen und Speisen - HCP&#039;s Galerie-up-Draht\",\"isPartOf\":{\"@id\":\"https:\\\/\\\/shop2.hcpetersen.de\\\/#website\"},\"primaryImageOfPage\":{\"@id\":\"https:\\\/\\\/shop2.hcpetersen.de\\\/index.php\\\/product\\\/im-schritt-tempo-fortschreiten-zeit\\\/#primaryimage\"},\"image\":{\"@id\":\"https:\\\/\\\/shop2.hcpetersen.de\\\/index.php\\\/product\\\/im-schritt-tempo-fortschreiten-zeit\\\/#primaryimage\"},\"thumbnailUrl\":\"https:\\\/\\\/i0.wp.com\\\/shop2.hcpetersen.de\\\/wp-content\\\/uploads\\\/2021\\\/02\\\/01.jpg?fit=800%2C773&ssl=1\",\"datePublished\":\"2021-02-22T13:37:53+00:00\",\"dateModified\":\"2025-04-17T12:06:15+00:00\",\"breadcrumb\":{\"@id\":\"https:\\\/\\\/shop2.hcpetersen.de\\\/index.php\\\/product\\\/im-schritt-tempo-fortschreiten-zeit\\\/#breadcrumb\"},\"inLanguage\":\"de\",\"potentialAction\":[{\"@type\":\"ReadAction\",\"target\":[\"https:\\\/\\\/shop2.hcpetersen.de\\\/index.php\\\/product\\\/im-schritt-tempo-fortschreiten-zeit\\\/\"]}]},{\"@type\":\"ImageObject\",\"inLanguage\":\"de\",\"@id\":\"https:\\\/\\\/shop2.hcpetersen.de\\\/index.php\\\/product\\\/im-schritt-tempo-fortschreiten-zeit\\\/#primaryimage\",\"url\":\"https:\\\/\\\/i0.wp.com\\\/shop2.hcpetersen.de\\\/wp-content\\\/uploads\\\/2021\\\/02\\\/01.jpg?fit=800%2C773&ssl=1\",\"contentUrl\":\"https:\\\/\\\/i0.wp.com\\\/shop2.hcpetersen.de\\\/wp-content\\\/uploads\\\/2021\\\/02\\\/01.jpg?fit=800%2C773&ssl=1\",\"width\":800,\"height\":773},{\"@type\":\"BreadcrumbList\",\"@id\":\"https:\\\/\\\/shop2.hcpetersen.de\\\/index.php\\\/product\\\/im-schritt-tempo-fortschreiten-zeit\\\/#breadcrumb\",\"itemListElement\":[{\"@type\":\"ListItem\",\"position\":1,\"name\":\"Home\",\"item\":\"https:\\\/\\\/shop2.hcpetersen.de\\\/\"},{\"@type\":\"ListItem\",\"position\":2,\"name\":\"Shop\",\"item\":\"https:\\\/\\\/shop2.hcpetersen.de\\\/\"},{\"@type\":\"ListItem\",\"position\":3,\"name\":\"Mit Kunst Reisen und Speisen\"}]},{\"@type\":\"WebSite\",\"@id\":\"https:\\\/\\\/shop2.hcpetersen.de\\\/#website\",\"url\":\"https:\\\/\\\/shop2.hcpetersen.de\\\/\",\"name\":\"HCP&#039;s Galerie-up-Draht\",\"description\":\"(dat is mien Online-Shop)\",\"potentialAction\":[{\"@type\":\"SearchAction\",\"target\":{\"@type\":\"EntryPoint\",\"urlTemplate\":\"https:\\\/\\\/shop2.hcpetersen.de\\\/?s={search_term_string}\"},\"query-input\":{\"@type\":\"PropertyValueSpecification\",\"valueRequired\":true,\"valueName\":\"search_term_string\"}}],\"inLanguage\":\"de\"}]}<\/script>\n<!-- \/ Yoast SEO plugin. -->","yoast_head_json":{"title":"Mit Kunst Reisen und Speisen - HCP&#039;s Galerie-up-Draht","robots":{"index":"index","follow":"follow","max-snippet":"max-snippet:-1","max-image-preview":"max-image-preview:large","max-video-preview":"max-video-preview:-1"},"canonical":"https:\/\/shop2.hcpetersen.de\/index.php\/product\/im-schritt-tempo-fortschreiten-zeit\/","og_locale":"de_DE","og_type":"article","og_title":"Mit Kunst Reisen und Speisen - HCP&#039;s Galerie-up-Draht","og_description":"...ein Genu\u00df auf 144 Seiten mit insgesamt 69 gro\u00dfformatigen Abbildungen","og_url":"https:\/\/shop2.hcpetersen.de\/index.php\/product\/im-schritt-tempo-fortschreiten-zeit\/","og_site_name":"HCP&#039;s Galerie-up-Draht","article_modified_time":"2025-04-17T12:06:15+00:00","og_image":[{"width":800,"height":773,"url":"https:\/\/shop2.hcpetersen.de\/wp-content\/uploads\/2021\/02\/01.jpg","type":"image\/jpeg"}],"twitter_card":"summary_large_image","twitter_misc":{"Gesch\u00e4tzte Lesezeit":"1\u00a0Minute"},"schema":{"@context":"https:\/\/schema.org","@graph":[{"@type":"WebPage","@id":"https:\/\/shop2.hcpetersen.de\/index.php\/product\/im-schritt-tempo-fortschreiten-zeit\/","url":"https:\/\/shop2.hcpetersen.de\/index.php\/product\/im-schritt-tempo-fortschreiten-zeit\/","name":"Mit Kunst Reisen und Speisen - HCP&#039;s Galerie-up-Draht","isPartOf":{"@id":"https:\/\/shop2.hcpetersen.de\/#website"},"primaryImageOfPage":{"@id":"https:\/\/shop2.hcpetersen.de\/index.php\/product\/im-schritt-tempo-fortschreiten-zeit\/#primaryimage"},"image":{"@id":"https:\/\/shop2.hcpetersen.de\/index.php\/product\/im-schritt-tempo-fortschreiten-zeit\/#primaryimage"},"thumbnailUrl":"https:\/\/i0.wp.com\/shop2.hcpetersen.de\/wp-content\/uploads\/2021\/02\/01.jpg?fit=800%2C773&ssl=1","datePublished":"2021-02-22T13:37:53+00:00","dateModified":"2025-04-17T12:06:15+00:00","breadcrumb":{"@id":"https:\/\/shop2.hcpetersen.de\/index.php\/product\/im-schritt-tempo-fortschreiten-zeit\/#breadcrumb"},"inLanguage":"de","potentialAction":[{"@type":"ReadAction","target":["https:\/\/shop2.hcpetersen.de\/index.php\/product\/im-schritt-tempo-fortschreiten-zeit\/"]}]},{"@type":"ImageObject","inLanguage":"de","@id":"https:\/\/shop2.hcpetersen.de\/index.php\/product\/im-schritt-tempo-fortschreiten-zeit\/#primaryimage","url":"https:\/\/i0.wp.com\/shop2.hcpetersen.de\/wp-content\/uploads\/2021\/02\/01.jpg?fit=800%2C773&ssl=1","contentUrl":"https:\/\/i0.wp.com\/shop2.hcpetersen.de\/wp-content\/uploads\/2021\/02\/01.jpg?fit=800%2C773&ssl=1","width":800,"height":773},{"@type":"BreadcrumbList","@id":"https:\/\/shop2.hcpetersen.de\/index.php\/product\/im-schritt-tempo-fortschreiten-zeit\/#breadcrumb","itemListElement":[{"@type":"ListItem","position":1,"name":"Home","item":"https:\/\/shop2.hcpetersen.de\/"},{"@type":"ListItem","position":2,"name":"Shop","item":"https:\/\/shop2.hcpetersen.de\/"},{"@type":"ListItem","position":3,"name":"Mit Kunst Reisen und Speisen"}]},{"@type":"WebSite","@id":"https:\/\/shop2.hcpetersen.de\/#website","url":"https:\/\/shop2.hcpetersen.de\/","name":"HCP&#039;s Galerie-up-Draht","description":"(dat is mien Online-Shop)","potentialAction":[{"@type":"SearchAction","target":{"@type":"EntryPoint","urlTemplate":"https:\/\/shop2.hcpetersen.de\/?s={search_term_string}"},"query-input":{"@type":"PropertyValueSpecification","valueRequired":true,"valueName":"search_term_string"}}],"inLanguage":"de"}]}},"jetpack_sharing_enabled":true,"_links":{"self":[{"href":"https:\/\/shop2.hcpetersen.de\/index.php\/wp-json\/wp\/v2\/product\/72","targetHints":{"allow":["GET"]}}],"collection":[{"href":"https:\/\/shop2.hcpetersen.de\/index.php\/wp-json\/wp\/v2\/product"}],"about":[{"href":"https:\/\/shop2.hcpetersen.de\/index.php\/wp-json\/wp\/v2\/types\/product"}],"replies":[{"embeddable":true,"href":"https:\/\/shop2.hcpetersen.de\/index.php\/wp-json\/wp\/v2\/comments?post=72"}],"wp:featuredmedia":[{"embeddable":true,"href":"https:\/\/shop2.hcpetersen.de\/index.php\/wp-json\/wp\/v2\/media\/134"}],"wp:attachment":[{"href":"https:\/\/shop2.hcpetersen.de\/index.php\/wp-json\/wp\/v2\/media?parent=72"}],"wp:term":[{"taxonomy":"product_brand","embeddable":true,"href":"https:\/\/shop2.hcpetersen.de\/index.php\/wp-json\/wp\/v2\/product_brand?post=72"},{"taxonomy":"product_cat","embeddable":true,"href":"https:\/\/shop2.hcpetersen.de\/index.php\/wp-json\/wp\/v2\/product_cat?post=72"},{"taxonomy":"product_tag","embeddable":true,"href":"https:\/\/shop2.hcpetersen.de\/index.php\/wp-json\/wp\/v2\/product_tag?post=72"}],"curies":[{"name":"wp","href":"https:\/\/api.w.org\/{rel}","templated":true}]}}