{"id":352,"date":"2022-03-15T10:49:44","date_gmt":"2022-03-15T10:49:44","guid":{"rendered":"https:\/\/shop2.hcpetersen.de\/?post_type=product&#038;p=352"},"modified":"2025-03-18T16:16:19","modified_gmt":"2025-03-18T16:16:19","slug":"augenblicke-am-strand","status":"publish","type":"product","link":"https:\/\/shop2.hcpetersen.de\/index.php\/product\/augenblicke-am-strand\/","title":{"rendered":"Augenblicke am Strand"},"content":{"rendered":"<div id=\"desc\" class=\"ui-tabs-panel ui-widget-content ui-corner-bottom\" role=\"tabpanel\" aria-labelledby=\"ui-id-1\" aria-hidden=\"false\">\n<article>\n<div id=\"desc\" class=\"ui-tabs-panel ui-widget-content ui-corner-bottom\" role=\"tabpanel\" aria-labelledby=\"ui-id-1\" aria-hidden=\"false\">\n<article>\n<div id=\"desc\" class=\"ui-tabs-panel ui-widget-content ui-corner-bottom\" role=\"tabpanel\" aria-labelledby=\"ui-id-1\" aria-hidden=\"false\">\n<article>\n<div id=\"desc\" class=\"ui-tabs-panel ui-widget-content ui-corner-bottom\" role=\"tabpanel\" aria-labelledby=\"ui-id-1\" aria-hidden=\"false\">\n<article>\n<div id=\"desc\" class=\"ui-tabs-panel ui-widget-content ui-corner-bottom\" role=\"tabpanel\" aria-labelledby=\"ui-id-1\" aria-hidden=\"false\">\n<article>\n<div id=\"desc\" class=\"ui-tabs-panel ui-widget-content ui-corner-bottom\" role=\"tabpanel\" aria-labelledby=\"ui-id-1\" aria-hidden=\"false\">\n<article>\n<div id=\"desc\" class=\"ui-tabs-panel ui-widget-content ui-corner-bottom\" role=\"tabpanel\" aria-labelledby=\"ui-id-1\" aria-hidden=\"false\">\n<article>\n<div id=\"desc\" class=\"ui-tabs-panel ui-widget-content ui-corner-bottom\" role=\"tabpanel\" aria-labelledby=\"ui-id-1\" aria-hidden=\"false\">\n<article>\n<div id=\"desc\" class=\"ui-tabs-panel ui-widget-content ui-corner-bottom\" role=\"tabpanel\" aria-labelledby=\"ui-id-1\" aria-hidden=\"false\">\n<article>\n<div id=\"desc\" class=\"ui-tabs-panel ui-widget-content ui-corner-bottom\" role=\"tabpanel\" aria-labelledby=\"ui-id-1\" aria-hidden=\"false\">\n<article>\n<div id=\"desc\" class=\"ui-tabs-panel ui-widget-content ui-corner-bottom\" role=\"tabpanel\" aria-labelledby=\"ui-id-1\" aria-hidden=\"false\">\n<article>\n<div id=\"desc\" class=\"ui-tabs-panel ui-widget-content ui-corner-bottom\" role=\"tabpanel\" aria-labelledby=\"ui-id-1\" aria-hidden=\"false\">\n<article>\n<div id=\"desc\" class=\"ui-tabs-panel ui-widget-content ui-corner-bottom\" role=\"tabpanel\" aria-labelledby=\"ui-id-1\" aria-hidden=\"false\">\n<article><strong>Die Versandkosten betragen 1 Euro! Bitte lassen Sie sich auf der Bestellseite nicht irritieren. <\/strong>Ansichten einer K\u00fcste IX<br \/>\nDie ostfriesische Nordseek\u00fcste ist landgewordene Besinnlichkeit. Ewig, zeitlos, und doch immer im Wandel, zeigt uns die K\u00fcstenlandschaft ihre zahlreichen Facetten. Was f\u00fcr die einen flaches Land, ist f\u00fcr die anderen eine einzigartige Landschaft mit Charakter. Und der Schlick vor der K\u00fcste ist unser Weltnaturerbe Wattenmeer.<\/article>\n<\/div>\n<\/article>\n<\/div>\n<\/article>\n<\/div>\n<\/article>\n<\/div>\n<\/article>\n<\/div>\n<\/article>\n<\/div>\n<\/article>\n<\/div>\n<\/article>\n<\/div>\n<\/article>\n<\/div>\n<\/article>\n<\/div>\n<\/article>\n<\/div>\n<\/article>\n<\/div>\n<\/article>\n<\/div>\n","protected":false},"excerpt":{"rendered":"<p>Ansichten einer K\u00fcste IX<\/p>\n","protected":false},"featured_media":349,"comment_status":"open","ping_status":"closed","template":"","meta":[],"product_brand":[],"product_cat":[44],"product_tag":[],"class_list":{"0":"post-352","1":"product","2":"type-product","3":"status-publish","4":"has-post-thumbnail","6":"product_cat-buecher","7":"product_shipping_class-kostenloser-versand","9":"first","10":"instock","11":"taxable","12":"shipping-taxable","13":"purchasable","14":"product-type-simple"},"yoast_head":"<!-- This site is optimized with the Yoast SEO plugin v27.5 - https:\/\/yoast.com\/product\/yoast-seo-wordpress\/ -->\n<title>Augenblicke am Strand - HCP&#039;s Galerie-up-Draht<\/title>\n<meta name=\"robots\" content=\"index, follow, max-snippet:-1, max-image-preview:large, max-video-preview:-1\" \/>\n<link rel=\"canonical\" href=\"https:\/\/shop2.hcpetersen.de\/index.php\/product\/augenblicke-am-strand\/\" \/>\n<meta property=\"og:locale\" content=\"de_DE\" \/>\n<meta property=\"og:type\" content=\"article\" \/>\n<meta property=\"og:title\" content=\"Augenblicke am Strand - HCP&#039;s Galerie-up-Draht\" \/>\n<meta property=\"og:description\" content=\"Ansichten einer K\u00fcste IX\" \/>\n<meta property=\"og:url\" content=\"https:\/\/shop2.hcpetersen.de\/index.php\/product\/augenblicke-am-strand\/\" \/>\n<meta property=\"og:site_name\" content=\"HCP&#039;s Galerie-up-Draht\" \/>\n<meta property=\"article:modified_time\" content=\"2025-03-18T16:16:19+00:00\" \/>\n<meta property=\"og:image\" content=\"https:\/\/shop2.hcpetersen.de\/wp-content\/uploads\/2022\/03\/Cover-9-Augenblicke-Strand.jpg\" \/>\n\t<meta property=\"og:image:width\" content=\"1819\" \/>\n\t<meta property=\"og:image:height\" content=\"1311\" \/>\n\t<meta property=\"og:image:type\" content=\"image\/jpeg\" \/>\n<meta name=\"twitter:card\" content=\"summary_large_image\" \/>\n<meta name=\"twitter:label1\" content=\"Gesch\u00e4tzte Lesezeit\" \/>\n\t<meta name=\"twitter:data1\" content=\"1\u00a0Minute\" \/>\n<script type=\"application\/ld+json\" class=\"yoast-schema-graph\">{\"@context\":\"https:\\\/\\\/schema.org\",\"@graph\":[{\"@type\":\"WebPage\",\"@id\":\"https:\\\/\\\/shop2.hcpetersen.de\\\/index.php\\\/product\\\/augenblicke-am-strand\\\/\",\"url\":\"https:\\\/\\\/shop2.hcpetersen.de\\\/index.php\\\/product\\\/augenblicke-am-strand\\\/\",\"name\":\"Augenblicke am Strand - HCP&#039;s Galerie-up-Draht\",\"isPartOf\":{\"@id\":\"https:\\\/\\\/shop2.hcpetersen.de\\\/#website\"},\"primaryImageOfPage\":{\"@id\":\"https:\\\/\\\/shop2.hcpetersen.de\\\/index.php\\\/product\\\/augenblicke-am-strand\\\/#primaryimage\"},\"image\":{\"@id\":\"https:\\\/\\\/shop2.hcpetersen.de\\\/index.php\\\/product\\\/augenblicke-am-strand\\\/#primaryimage\"},\"thumbnailUrl\":\"https:\\\/\\\/i0.wp.com\\\/shop2.hcpetersen.de\\\/wp-content\\\/uploads\\\/2022\\\/03\\\/Cover-9-Augenblicke-Strand.jpg?fit=1819%2C1311&ssl=1\",\"datePublished\":\"2022-03-15T10:49:44+00:00\",\"dateModified\":\"2025-03-18T16:16:19+00:00\",\"breadcrumb\":{\"@id\":\"https:\\\/\\\/shop2.hcpetersen.de\\\/index.php\\\/product\\\/augenblicke-am-strand\\\/#breadcrumb\"},\"inLanguage\":\"de\",\"potentialAction\":[{\"@type\":\"ReadAction\",\"target\":[\"https:\\\/\\\/shop2.hcpetersen.de\\\/index.php\\\/product\\\/augenblicke-am-strand\\\/\"]}]},{\"@type\":\"ImageObject\",\"inLanguage\":\"de\",\"@id\":\"https:\\\/\\\/shop2.hcpetersen.de\\\/index.php\\\/product\\\/augenblicke-am-strand\\\/#primaryimage\",\"url\":\"https:\\\/\\\/i0.wp.com\\\/shop2.hcpetersen.de\\\/wp-content\\\/uploads\\\/2022\\\/03\\\/Cover-9-Augenblicke-Strand.jpg?fit=1819%2C1311&ssl=1\",\"contentUrl\":\"https:\\\/\\\/i0.wp.com\\\/shop2.hcpetersen.de\\\/wp-content\\\/uploads\\\/2022\\\/03\\\/Cover-9-Augenblicke-Strand.jpg?fit=1819%2C1311&ssl=1\",\"width\":1819,\"height\":1311},{\"@type\":\"BreadcrumbList\",\"@id\":\"https:\\\/\\\/shop2.hcpetersen.de\\\/index.php\\\/product\\\/augenblicke-am-strand\\\/#breadcrumb\",\"itemListElement\":[{\"@type\":\"ListItem\",\"position\":1,\"name\":\"Home\",\"item\":\"https:\\\/\\\/shop2.hcpetersen.de\\\/\"},{\"@type\":\"ListItem\",\"position\":2,\"name\":\"Shop\",\"item\":\"https:\\\/\\\/shop2.hcpetersen.de\\\/\"},{\"@type\":\"ListItem\",\"position\":3,\"name\":\"Augenblicke am Strand\"}]},{\"@type\":\"WebSite\",\"@id\":\"https:\\\/\\\/shop2.hcpetersen.de\\\/#website\",\"url\":\"https:\\\/\\\/shop2.hcpetersen.de\\\/\",\"name\":\"HCP&#039;s Galerie-up-Draht\",\"description\":\"(dat is mien Online-Shop)\",\"potentialAction\":[{\"@type\":\"SearchAction\",\"target\":{\"@type\":\"EntryPoint\",\"urlTemplate\":\"https:\\\/\\\/shop2.hcpetersen.de\\\/?s={search_term_string}\"},\"query-input\":{\"@type\":\"PropertyValueSpecification\",\"valueRequired\":true,\"valueName\":\"search_term_string\"}}],\"inLanguage\":\"de\"}]}<\/script>\n<!-- \/ Yoast SEO plugin. -->","yoast_head_json":{"title":"Augenblicke am Strand - HCP&#039;s Galerie-up-Draht","robots":{"index":"index","follow":"follow","max-snippet":"max-snippet:-1","max-image-preview":"max-image-preview:large","max-video-preview":"max-video-preview:-1"},"canonical":"https:\/\/shop2.hcpetersen.de\/index.php\/product\/augenblicke-am-strand\/","og_locale":"de_DE","og_type":"article","og_title":"Augenblicke am Strand - HCP&#039;s Galerie-up-Draht","og_description":"Ansichten einer K\u00fcste IX","og_url":"https:\/\/shop2.hcpetersen.de\/index.php\/product\/augenblicke-am-strand\/","og_site_name":"HCP&#039;s Galerie-up-Draht","article_modified_time":"2025-03-18T16:16:19+00:00","og_image":[{"width":1819,"height":1311,"url":"https:\/\/shop2.hcpetersen.de\/wp-content\/uploads\/2022\/03\/Cover-9-Augenblicke-Strand.jpg","type":"image\/jpeg"}],"twitter_card":"summary_large_image","twitter_misc":{"Gesch\u00e4tzte Lesezeit":"1\u00a0Minute"},"schema":{"@context":"https:\/\/schema.org","@graph":[{"@type":"WebPage","@id":"https:\/\/shop2.hcpetersen.de\/index.php\/product\/augenblicke-am-strand\/","url":"https:\/\/shop2.hcpetersen.de\/index.php\/product\/augenblicke-am-strand\/","name":"Augenblicke am Strand - HCP&#039;s Galerie-up-Draht","isPartOf":{"@id":"https:\/\/shop2.hcpetersen.de\/#website"},"primaryImageOfPage":{"@id":"https:\/\/shop2.hcpetersen.de\/index.php\/product\/augenblicke-am-strand\/#primaryimage"},"image":{"@id":"https:\/\/shop2.hcpetersen.de\/index.php\/product\/augenblicke-am-strand\/#primaryimage"},"thumbnailUrl":"https:\/\/i0.wp.com\/shop2.hcpetersen.de\/wp-content\/uploads\/2022\/03\/Cover-9-Augenblicke-Strand.jpg?fit=1819%2C1311&ssl=1","datePublished":"2022-03-15T10:49:44+00:00","dateModified":"2025-03-18T16:16:19+00:00","breadcrumb":{"@id":"https:\/\/shop2.hcpetersen.de\/index.php\/product\/augenblicke-am-strand\/#breadcrumb"},"inLanguage":"de","potentialAction":[{"@type":"ReadAction","target":["https:\/\/shop2.hcpetersen.de\/index.php\/product\/augenblicke-am-strand\/"]}]},{"@type":"ImageObject","inLanguage":"de","@id":"https:\/\/shop2.hcpetersen.de\/index.php\/product\/augenblicke-am-strand\/#primaryimage","url":"https:\/\/i0.wp.com\/shop2.hcpetersen.de\/wp-content\/uploads\/2022\/03\/Cover-9-Augenblicke-Strand.jpg?fit=1819%2C1311&ssl=1","contentUrl":"https:\/\/i0.wp.com\/shop2.hcpetersen.de\/wp-content\/uploads\/2022\/03\/Cover-9-Augenblicke-Strand.jpg?fit=1819%2C1311&ssl=1","width":1819,"height":1311},{"@type":"BreadcrumbList","@id":"https:\/\/shop2.hcpetersen.de\/index.php\/product\/augenblicke-am-strand\/#breadcrumb","itemListElement":[{"@type":"ListItem","position":1,"name":"Home","item":"https:\/\/shop2.hcpetersen.de\/"},{"@type":"ListItem","position":2,"name":"Shop","item":"https:\/\/shop2.hcpetersen.de\/"},{"@type":"ListItem","position":3,"name":"Augenblicke am Strand"}]},{"@type":"WebSite","@id":"https:\/\/shop2.hcpetersen.de\/#website","url":"https:\/\/shop2.hcpetersen.de\/","name":"HCP&#039;s Galerie-up-Draht","description":"(dat is mien Online-Shop)","potentialAction":[{"@type":"SearchAction","target":{"@type":"EntryPoint","urlTemplate":"https:\/\/shop2.hcpetersen.de\/?s={search_term_string}"},"query-input":{"@type":"PropertyValueSpecification","valueRequired":true,"valueName":"search_term_string"}}],"inLanguage":"de"}]}},"jetpack_sharing_enabled":true,"_links":{"self":[{"href":"https:\/\/shop2.hcpetersen.de\/index.php\/wp-json\/wp\/v2\/product\/352","targetHints":{"allow":["GET"]}}],"collection":[{"href":"https:\/\/shop2.hcpetersen.de\/index.php\/wp-json\/wp\/v2\/product"}],"about":[{"href":"https:\/\/shop2.hcpetersen.de\/index.php\/wp-json\/wp\/v2\/types\/product"}],"replies":[{"embeddable":true,"href":"https:\/\/shop2.hcpetersen.de\/index.php\/wp-json\/wp\/v2\/comments?post=352"}],"wp:featuredmedia":[{"embeddable":true,"href":"https:\/\/shop2.hcpetersen.de\/index.php\/wp-json\/wp\/v2\/media\/349"}],"wp:attachment":[{"href":"https:\/\/shop2.hcpetersen.de\/index.php\/wp-json\/wp\/v2\/media?parent=352"}],"wp:term":[{"taxonomy":"product_brand","embeddable":true,"href":"https:\/\/shop2.hcpetersen.de\/index.php\/wp-json\/wp\/v2\/product_brand?post=352"},{"taxonomy":"product_cat","embeddable":true,"href":"https:\/\/shop2.hcpetersen.de\/index.php\/wp-json\/wp\/v2\/product_cat?post=352"},{"taxonomy":"product_tag","embeddable":true,"href":"https:\/\/shop2.hcpetersen.de\/index.php\/wp-json\/wp\/v2\/product_tag?post=352"}],"curies":[{"name":"wp","href":"https:\/\/api.w.org\/{rel}","templated":true}]}}