{"id":147,"date":"2021-03-09T07:59:37","date_gmt":"2021-03-09T07:59:37","guid":{"rendered":"https:\/\/shop2.hcpetersen.de\/?post_type=product&#038;p=147"},"modified":"2025-03-18T16:44:19","modified_gmt":"2025-03-18T16:44:19","slug":"sich-hoeren-muessen-ruhe","status":"publish","type":"product","link":"https:\/\/shop2.hcpetersen.de\/index.php\/product\/sich-hoeren-muessen-ruhe\/","title":{"rendered":"Sich h\u00f6ren m\u00fcssen: Ruhe"},"content":{"rendered":"<div id=\"desc\" class=\"ui-tabs-panel ui-widget-content ui-corner-bottom\" role=\"tabpanel\" aria-labelledby=\"ui-id-1\" aria-hidden=\"false\">\n<article>\n<div id=\"desc\" class=\"ui-tabs-panel ui-widget-content ui-corner-bottom\" role=\"tabpanel\" aria-labelledby=\"ui-id-1\" aria-hidden=\"false\">\n<article><strong>Die Versandkosten betragen 1 Euro! Bitte lassen Sie sich auf der Bestellseite nicht irritieren.\u00a0<\/strong>\u201eMan mu\u00df schon sehr genau hinh\u00f6ren, um nichts zu h\u00f6ren, denn noch sind die Ohren, wie auch die Gedanken, gew\u00f6hnt an die T\u00e4uschungsman\u00f6ver, die wir selbst und andere Tag f\u00fcr Tag mit uns durchf\u00fchren. Doch mit jedem Schritt wird die Ablenkungsmaschinerie leiser.\u201c So beginnt der vierte Teil der Insel-Philosophie, der gerade in der Edition Petersen erschienen ist. Die Ruhe auf der Insel ist f\u00fcr Autor Axel Schlote so beeindruckend, da\u00df sie ihn zu vielen Gedanken veranla\u00dft hat, wie das ist, wenn man sich selber h\u00f6ren mu\u00df. Auf dem philosophischen Streifzug \u00fcber Spiekeroog begleiten die Leser wieder Illustrationen von Maler H.C. Petersen aus Esens und Fotografin Gina Schlote. F\u00fcr die drei ist die Insel nicht blo\u00df ein Urlaubsort: Auch ohne Philosophie-Studium kann man dort sehr viel entdecken \u2013 \u00fcber sich selbst, \u00fcber Raum und Zeit, Ruhe und Natur.<\/p>\n<p>In insgesamt sechs Episoden erkundet Autor Axel Schlote in lockeren Essays die philosophischen Botschaften der Insel. Einmal pro Jahr erscheint ein neuer Text. Nach Zeit, Naturbedingungen und \u00dcberg\u00e4ngen hei\u00dft es in diesem Jahr in Teil IV. \u201eSich h\u00f6ren m\u00fcssen: Ruhe\u201c. Das handliche Leseb\u00fcchlein enth\u00e4lt neben nachdenklichen Texten zahlreiche Bilder von Hans-Christian Petersen (Gem\u00e4lde &amp; Aquarelle) und Gina Schlote (Fotografien). Das Taschenbuch kostet 5 Euro. J\u00e4hrlich erscheint eine Folge<\/p>\n<\/article>\n<\/div>\n<\/article>\n<\/div>\n","protected":false},"excerpt":{"rendered":"<p>Eine kleine Philosophie der Insel &#8211; Folge IV<\/p>\n","protected":false},"featured_media":148,"comment_status":"open","ping_status":"closed","template":"","meta":[],"product_brand":[],"product_cat":[44],"product_tag":[],"class_list":{"0":"post-147","1":"product","2":"type-product","3":"status-publish","4":"has-post-thumbnail","6":"product_cat-buecher","7":"product_shipping_class-kostenloser-versand","9":"first","10":"instock","11":"taxable","12":"shipping-taxable","13":"purchasable","14":"product-type-simple"},"yoast_head":"<!-- This site is optimized with the Yoast SEO plugin v27.6 - https:\/\/yoast.com\/product\/yoast-seo-wordpress\/ -->\n<title>Sich h\u00f6ren m\u00fcssen: Ruhe - HCP&#039;s Galerie-up-Draht<\/title>\n<meta name=\"robots\" content=\"index, follow, max-snippet:-1, max-image-preview:large, max-video-preview:-1\" \/>\n<link rel=\"canonical\" href=\"https:\/\/shop2.hcpetersen.de\/index.php\/product\/sich-hoeren-muessen-ruhe\/\" \/>\n<meta property=\"og:locale\" content=\"de_DE\" \/>\n<meta property=\"og:type\" content=\"article\" \/>\n<meta property=\"og:title\" content=\"Sich h\u00f6ren m\u00fcssen: Ruhe - HCP&#039;s Galerie-up-Draht\" \/>\n<meta property=\"og:description\" content=\"Eine kleine Philosophie der Insel - Folge IV\" \/>\n<meta property=\"og:url\" content=\"https:\/\/shop2.hcpetersen.de\/index.php\/product\/sich-hoeren-muessen-ruhe\/\" \/>\n<meta property=\"og:site_name\" content=\"HCP&#039;s Galerie-up-Draht\" \/>\n<meta property=\"article:modified_time\" content=\"2025-03-18T16:44:19+00:00\" \/>\n<meta property=\"og:image\" content=\"https:\/\/shop2.hcpetersen.de\/wp-content\/uploads\/2021\/03\/06.jpg\" \/>\n\t<meta property=\"og:image:width\" content=\"576\" \/>\n\t<meta property=\"og:image:height\" content=\"800\" \/>\n\t<meta property=\"og:image:type\" content=\"image\/jpeg\" \/>\n<meta name=\"twitter:card\" content=\"summary_large_image\" \/>\n<meta name=\"twitter:label1\" content=\"Gesch\u00e4tzte Lesezeit\" \/>\n\t<meta name=\"twitter:data1\" content=\"2\u00a0Minuten\" \/>\n<script type=\"application\/ld+json\" class=\"yoast-schema-graph\">{\"@context\":\"https:\\\/\\\/schema.org\",\"@graph\":[{\"@type\":\"WebPage\",\"@id\":\"https:\\\/\\\/shop2.hcpetersen.de\\\/index.php\\\/product\\\/sich-hoeren-muessen-ruhe\\\/\",\"url\":\"https:\\\/\\\/shop2.hcpetersen.de\\\/index.php\\\/product\\\/sich-hoeren-muessen-ruhe\\\/\",\"name\":\"Sich h\u00f6ren m\u00fcssen: Ruhe - HCP&#039;s Galerie-up-Draht\",\"isPartOf\":{\"@id\":\"https:\\\/\\\/shop2.hcpetersen.de\\\/#website\"},\"primaryImageOfPage\":{\"@id\":\"https:\\\/\\\/shop2.hcpetersen.de\\\/index.php\\\/product\\\/sich-hoeren-muessen-ruhe\\\/#primaryimage\"},\"image\":{\"@id\":\"https:\\\/\\\/shop2.hcpetersen.de\\\/index.php\\\/product\\\/sich-hoeren-muessen-ruhe\\\/#primaryimage\"},\"thumbnailUrl\":\"https:\\\/\\\/i0.wp.com\\\/shop2.hcpetersen.de\\\/wp-content\\\/uploads\\\/2021\\\/03\\\/06.jpg?fit=576%2C800&ssl=1\",\"datePublished\":\"2021-03-09T07:59:37+00:00\",\"dateModified\":\"2025-03-18T16:44:19+00:00\",\"breadcrumb\":{\"@id\":\"https:\\\/\\\/shop2.hcpetersen.de\\\/index.php\\\/product\\\/sich-hoeren-muessen-ruhe\\\/#breadcrumb\"},\"inLanguage\":\"de\",\"potentialAction\":[{\"@type\":\"ReadAction\",\"target\":[\"https:\\\/\\\/shop2.hcpetersen.de\\\/index.php\\\/product\\\/sich-hoeren-muessen-ruhe\\\/\"]}]},{\"@type\":\"ImageObject\",\"inLanguage\":\"de\",\"@id\":\"https:\\\/\\\/shop2.hcpetersen.de\\\/index.php\\\/product\\\/sich-hoeren-muessen-ruhe\\\/#primaryimage\",\"url\":\"https:\\\/\\\/i0.wp.com\\\/shop2.hcpetersen.de\\\/wp-content\\\/uploads\\\/2021\\\/03\\\/06.jpg?fit=576%2C800&ssl=1\",\"contentUrl\":\"https:\\\/\\\/i0.wp.com\\\/shop2.hcpetersen.de\\\/wp-content\\\/uploads\\\/2021\\\/03\\\/06.jpg?fit=576%2C800&ssl=1\",\"width\":576,\"height\":800},{\"@type\":\"BreadcrumbList\",\"@id\":\"https:\\\/\\\/shop2.hcpetersen.de\\\/index.php\\\/product\\\/sich-hoeren-muessen-ruhe\\\/#breadcrumb\",\"itemListElement\":[{\"@type\":\"ListItem\",\"position\":1,\"name\":\"Home\",\"item\":\"https:\\\/\\\/shop2.hcpetersen.de\\\/\"},{\"@type\":\"ListItem\",\"position\":2,\"name\":\"Shop\",\"item\":\"https:\\\/\\\/shop2.hcpetersen.de\\\/\"},{\"@type\":\"ListItem\",\"position\":3,\"name\":\"Sich h\u00f6ren m\u00fcssen: Ruhe\"}]},{\"@type\":\"WebSite\",\"@id\":\"https:\\\/\\\/shop2.hcpetersen.de\\\/#website\",\"url\":\"https:\\\/\\\/shop2.hcpetersen.de\\\/\",\"name\":\"HCP&#039;s Galerie-up-Draht\",\"description\":\"(dat is mien Online-Shop)\",\"potentialAction\":[{\"@type\":\"SearchAction\",\"target\":{\"@type\":\"EntryPoint\",\"urlTemplate\":\"https:\\\/\\\/shop2.hcpetersen.de\\\/?s={search_term_string}\"},\"query-input\":{\"@type\":\"PropertyValueSpecification\",\"valueRequired\":true,\"valueName\":\"search_term_string\"}}],\"inLanguage\":\"de\"}]}<\/script>\n<!-- \/ Yoast SEO plugin. -->","yoast_head_json":{"title":"Sich h\u00f6ren m\u00fcssen: Ruhe - HCP&#039;s Galerie-up-Draht","robots":{"index":"index","follow":"follow","max-snippet":"max-snippet:-1","max-image-preview":"max-image-preview:large","max-video-preview":"max-video-preview:-1"},"canonical":"https:\/\/shop2.hcpetersen.de\/index.php\/product\/sich-hoeren-muessen-ruhe\/","og_locale":"de_DE","og_type":"article","og_title":"Sich h\u00f6ren m\u00fcssen: Ruhe - HCP&#039;s Galerie-up-Draht","og_description":"Eine kleine Philosophie der Insel - Folge IV","og_url":"https:\/\/shop2.hcpetersen.de\/index.php\/product\/sich-hoeren-muessen-ruhe\/","og_site_name":"HCP&#039;s Galerie-up-Draht","article_modified_time":"2025-03-18T16:44:19+00:00","og_image":[{"width":576,"height":800,"url":"https:\/\/shop2.hcpetersen.de\/wp-content\/uploads\/2021\/03\/06.jpg","type":"image\/jpeg"}],"twitter_card":"summary_large_image","twitter_misc":{"Gesch\u00e4tzte Lesezeit":"2\u00a0Minuten"},"schema":{"@context":"https:\/\/schema.org","@graph":[{"@type":"WebPage","@id":"https:\/\/shop2.hcpetersen.de\/index.php\/product\/sich-hoeren-muessen-ruhe\/","url":"https:\/\/shop2.hcpetersen.de\/index.php\/product\/sich-hoeren-muessen-ruhe\/","name":"Sich h\u00f6ren m\u00fcssen: Ruhe - HCP&#039;s Galerie-up-Draht","isPartOf":{"@id":"https:\/\/shop2.hcpetersen.de\/#website"},"primaryImageOfPage":{"@id":"https:\/\/shop2.hcpetersen.de\/index.php\/product\/sich-hoeren-muessen-ruhe\/#primaryimage"},"image":{"@id":"https:\/\/shop2.hcpetersen.de\/index.php\/product\/sich-hoeren-muessen-ruhe\/#primaryimage"},"thumbnailUrl":"https:\/\/i0.wp.com\/shop2.hcpetersen.de\/wp-content\/uploads\/2021\/03\/06.jpg?fit=576%2C800&ssl=1","datePublished":"2021-03-09T07:59:37+00:00","dateModified":"2025-03-18T16:44:19+00:00","breadcrumb":{"@id":"https:\/\/shop2.hcpetersen.de\/index.php\/product\/sich-hoeren-muessen-ruhe\/#breadcrumb"},"inLanguage":"de","potentialAction":[{"@type":"ReadAction","target":["https:\/\/shop2.hcpetersen.de\/index.php\/product\/sich-hoeren-muessen-ruhe\/"]}]},{"@type":"ImageObject","inLanguage":"de","@id":"https:\/\/shop2.hcpetersen.de\/index.php\/product\/sich-hoeren-muessen-ruhe\/#primaryimage","url":"https:\/\/i0.wp.com\/shop2.hcpetersen.de\/wp-content\/uploads\/2021\/03\/06.jpg?fit=576%2C800&ssl=1","contentUrl":"https:\/\/i0.wp.com\/shop2.hcpetersen.de\/wp-content\/uploads\/2021\/03\/06.jpg?fit=576%2C800&ssl=1","width":576,"height":800},{"@type":"BreadcrumbList","@id":"https:\/\/shop2.hcpetersen.de\/index.php\/product\/sich-hoeren-muessen-ruhe\/#breadcrumb","itemListElement":[{"@type":"ListItem","position":1,"name":"Home","item":"https:\/\/shop2.hcpetersen.de\/"},{"@type":"ListItem","position":2,"name":"Shop","item":"https:\/\/shop2.hcpetersen.de\/"},{"@type":"ListItem","position":3,"name":"Sich h\u00f6ren m\u00fcssen: Ruhe"}]},{"@type":"WebSite","@id":"https:\/\/shop2.hcpetersen.de\/#website","url":"https:\/\/shop2.hcpetersen.de\/","name":"HCP&#039;s Galerie-up-Draht","description":"(dat is mien Online-Shop)","potentialAction":[{"@type":"SearchAction","target":{"@type":"EntryPoint","urlTemplate":"https:\/\/shop2.hcpetersen.de\/?s={search_term_string}"},"query-input":{"@type":"PropertyValueSpecification","valueRequired":true,"valueName":"search_term_string"}}],"inLanguage":"de"}]}},"jetpack_sharing_enabled":true,"_links":{"self":[{"href":"https:\/\/shop2.hcpetersen.de\/index.php\/wp-json\/wp\/v2\/product\/147","targetHints":{"allow":["GET"]}}],"collection":[{"href":"https:\/\/shop2.hcpetersen.de\/index.php\/wp-json\/wp\/v2\/product"}],"about":[{"href":"https:\/\/shop2.hcpetersen.de\/index.php\/wp-json\/wp\/v2\/types\/product"}],"replies":[{"embeddable":true,"href":"https:\/\/shop2.hcpetersen.de\/index.php\/wp-json\/wp\/v2\/comments?post=147"}],"wp:featuredmedia":[{"embeddable":true,"href":"https:\/\/shop2.hcpetersen.de\/index.php\/wp-json\/wp\/v2\/media\/148"}],"wp:attachment":[{"href":"https:\/\/shop2.hcpetersen.de\/index.php\/wp-json\/wp\/v2\/media?parent=147"}],"wp:term":[{"taxonomy":"product_brand","embeddable":true,"href":"https:\/\/shop2.hcpetersen.de\/index.php\/wp-json\/wp\/v2\/product_brand?post=147"},{"taxonomy":"product_cat","embeddable":true,"href":"https:\/\/shop2.hcpetersen.de\/index.php\/wp-json\/wp\/v2\/product_cat?post=147"},{"taxonomy":"product_tag","embeddable":true,"href":"https:\/\/shop2.hcpetersen.de\/index.php\/wp-json\/wp\/v2\/product_tag?post=147"}],"curies":[{"name":"wp","href":"https:\/\/api.w.org\/{rel}","templated":true}]}}