{"id":144,"date":"2021-03-09T07:57:32","date_gmt":"2021-03-09T07:57:32","guid":{"rendered":"https:\/\/shop2.hcpetersen.de\/?post_type=product&#038;p=144"},"modified":"2025-03-18T16:44:37","modified_gmt":"2025-03-18T16:44:37","slug":"im-schritt-tempo-fortschreiten-zeit-2","status":"publish","type":"product","link":"https:\/\/shop2.hcpetersen.de\/index.php\/product\/im-schritt-tempo-fortschreiten-zeit-2\/","title":{"rendered":"Im Schritt-Tempo fortschreiten: Zeit"},"content":{"rendered":"<div id=\"desc\" class=\"ui-tabs-panel ui-widget-content ui-corner-bottom\" role=\"tabpanel\" aria-labelledby=\"ui-id-1\" aria-hidden=\"false\">\n<article>\n<div id=\"desc\" class=\"ui-tabs-panel ui-widget-content ui-corner-bottom\" role=\"tabpanel\" aria-labelledby=\"ui-id-1\" aria-hidden=\"false\">\n<article><strong>Die Versandkosten betragen 1 Euro! Bitte lassen Sie sich auf der Bestellseite nicht irritieren.\u00a0<\/strong>Jeder Aufenthalt auf Spiekeroog ist eine kleine Auszeit \u2013 und wer sich und die Insel aufmerksam beobachtet, der erkennt dort viel \u00fcber die Zeit und wie wir mit ihr umgehen. Das zumindest meint der Autor Axel Schlote, der gerade in der Edition Petersen den dritten Teil seiner kleinen Philosophie der Insel ver\u00f6ffentlicht hat. Begleitet wird er bei seinem philosophischen Streifzug \u00fcber Spiekeroog wieder von dem Maler H.C. Petersen aus Esens und Fotografin Gina Schlote, die seine Worte in Bilder und Fotografien eindrucksvoll illustrieren. Die drei sind \u00fcberzeugt: Auf der Insel kann man nicht nur baden, wandern oder am Strand die Sonne genie\u00dfen. Wer genau hinsieht, der entdeckt zwischen den D\u00fcnen oder am Horizont Spuren zu sich selbst \u2013 Einsichten \u00fcber Raum und Zeit, Ruhe und Natur.<\/p>\n<p>In sechs Episoden erkundet Autor Axel Schlote in nachdenklichen, aber lockeren Essays die philosophischen Botschaften der Insel. Teil I der Reihe handelte von \u201e\u00dcberg\u00e4ngen\u201c, Teil II besprach die \u201eNaturbedingungen\u201c. Der dritte Teil hei\u00dft \u201eIm Schritt-Tempo fortschreiten: Zeit\u201c. Das handliche Leseb\u00fcchlein enth\u00e4lt neben nachdenklichen Texten zahlreiche Bilder von Hans-Christian Petersen (Gem\u00e4lde &amp; Aquarelle) und Gina Schlote (Fotografien). Das Taschenbuch kostet 5 Euro. J\u00e4hrlich erscheint eine Folge.<\/p>\n<\/article>\n<\/div>\n<\/article>\n<\/div>\n","protected":false},"excerpt":{"rendered":"<p>Eine kleine Philosophie der Insel &#8211; Folge III<\/p>\n","protected":false},"featured_media":143,"comment_status":"open","ping_status":"closed","template":"","meta":[],"product_brand":[],"product_cat":[44],"product_tag":[],"class_list":{"0":"post-144","1":"product","2":"type-product","3":"status-publish","4":"has-post-thumbnail","6":"product_cat-buecher","7":"product_shipping_class-kostenloser-versand","9":"first","10":"instock","11":"taxable","12":"shipping-taxable","13":"purchasable","14":"product-type-simple"},"yoast_head":"<!-- This site is optimized with the Yoast SEO plugin v27.5 - https:\/\/yoast.com\/product\/yoast-seo-wordpress\/ -->\n<title>Im Schritt-Tempo fortschreiten: Zeit - HCP&#039;s Galerie-up-Draht<\/title>\n<meta name=\"robots\" content=\"index, follow, max-snippet:-1, max-image-preview:large, max-video-preview:-1\" \/>\n<link rel=\"canonical\" href=\"https:\/\/shop2.hcpetersen.de\/index.php\/product\/im-schritt-tempo-fortschreiten-zeit-2\/\" \/>\n<meta property=\"og:locale\" content=\"de_DE\" \/>\n<meta property=\"og:type\" content=\"article\" \/>\n<meta property=\"og:title\" content=\"Im Schritt-Tempo fortschreiten: Zeit - HCP&#039;s Galerie-up-Draht\" \/>\n<meta property=\"og:description\" content=\"Eine kleine Philosophie der Insel - Folge III\" \/>\n<meta property=\"og:url\" content=\"https:\/\/shop2.hcpetersen.de\/index.php\/product\/im-schritt-tempo-fortschreiten-zeit-2\/\" \/>\n<meta property=\"og:site_name\" content=\"HCP&#039;s Galerie-up-Draht\" \/>\n<meta property=\"article:modified_time\" content=\"2025-03-18T16:44:37+00:00\" \/>\n<meta property=\"og:image\" content=\"https:\/\/shop2.hcpetersen.de\/wp-content\/uploads\/2021\/03\/05.jpg\" \/>\n\t<meta property=\"og:image:width\" content=\"577\" \/>\n\t<meta property=\"og:image:height\" content=\"800\" \/>\n\t<meta property=\"og:image:type\" content=\"image\/jpeg\" \/>\n<meta name=\"twitter:card\" content=\"summary_large_image\" \/>\n<meta name=\"twitter:label1\" content=\"Gesch\u00e4tzte Lesezeit\" \/>\n\t<meta name=\"twitter:data1\" content=\"2\u00a0Minuten\" \/>\n<script type=\"application\/ld+json\" class=\"yoast-schema-graph\">{\"@context\":\"https:\\\/\\\/schema.org\",\"@graph\":[{\"@type\":\"WebPage\",\"@id\":\"https:\\\/\\\/shop2.hcpetersen.de\\\/index.php\\\/product\\\/im-schritt-tempo-fortschreiten-zeit-2\\\/\",\"url\":\"https:\\\/\\\/shop2.hcpetersen.de\\\/index.php\\\/product\\\/im-schritt-tempo-fortschreiten-zeit-2\\\/\",\"name\":\"Im Schritt-Tempo fortschreiten: Zeit - HCP&#039;s Galerie-up-Draht\",\"isPartOf\":{\"@id\":\"https:\\\/\\\/shop2.hcpetersen.de\\\/#website\"},\"primaryImageOfPage\":{\"@id\":\"https:\\\/\\\/shop2.hcpetersen.de\\\/index.php\\\/product\\\/im-schritt-tempo-fortschreiten-zeit-2\\\/#primaryimage\"},\"image\":{\"@id\":\"https:\\\/\\\/shop2.hcpetersen.de\\\/index.php\\\/product\\\/im-schritt-tempo-fortschreiten-zeit-2\\\/#primaryimage\"},\"thumbnailUrl\":\"https:\\\/\\\/i0.wp.com\\\/shop2.hcpetersen.de\\\/wp-content\\\/uploads\\\/2021\\\/03\\\/05.jpg?fit=577%2C800&ssl=1\",\"datePublished\":\"2021-03-09T07:57:32+00:00\",\"dateModified\":\"2025-03-18T16:44:37+00:00\",\"breadcrumb\":{\"@id\":\"https:\\\/\\\/shop2.hcpetersen.de\\\/index.php\\\/product\\\/im-schritt-tempo-fortschreiten-zeit-2\\\/#breadcrumb\"},\"inLanguage\":\"de\",\"potentialAction\":[{\"@type\":\"ReadAction\",\"target\":[\"https:\\\/\\\/shop2.hcpetersen.de\\\/index.php\\\/product\\\/im-schritt-tempo-fortschreiten-zeit-2\\\/\"]}]},{\"@type\":\"ImageObject\",\"inLanguage\":\"de\",\"@id\":\"https:\\\/\\\/shop2.hcpetersen.de\\\/index.php\\\/product\\\/im-schritt-tempo-fortschreiten-zeit-2\\\/#primaryimage\",\"url\":\"https:\\\/\\\/i0.wp.com\\\/shop2.hcpetersen.de\\\/wp-content\\\/uploads\\\/2021\\\/03\\\/05.jpg?fit=577%2C800&ssl=1\",\"contentUrl\":\"https:\\\/\\\/i0.wp.com\\\/shop2.hcpetersen.de\\\/wp-content\\\/uploads\\\/2021\\\/03\\\/05.jpg?fit=577%2C800&ssl=1\",\"width\":577,\"height\":800},{\"@type\":\"BreadcrumbList\",\"@id\":\"https:\\\/\\\/shop2.hcpetersen.de\\\/index.php\\\/product\\\/im-schritt-tempo-fortschreiten-zeit-2\\\/#breadcrumb\",\"itemListElement\":[{\"@type\":\"ListItem\",\"position\":1,\"name\":\"Home\",\"item\":\"https:\\\/\\\/shop2.hcpetersen.de\\\/\"},{\"@type\":\"ListItem\",\"position\":2,\"name\":\"Shop\",\"item\":\"https:\\\/\\\/shop2.hcpetersen.de\\\/\"},{\"@type\":\"ListItem\",\"position\":3,\"name\":\"Im Schritt-Tempo fortschreiten: Zeit\"}]},{\"@type\":\"WebSite\",\"@id\":\"https:\\\/\\\/shop2.hcpetersen.de\\\/#website\",\"url\":\"https:\\\/\\\/shop2.hcpetersen.de\\\/\",\"name\":\"HCP&#039;s Galerie-up-Draht\",\"description\":\"(dat is mien Online-Shop)\",\"potentialAction\":[{\"@type\":\"SearchAction\",\"target\":{\"@type\":\"EntryPoint\",\"urlTemplate\":\"https:\\\/\\\/shop2.hcpetersen.de\\\/?s={search_term_string}\"},\"query-input\":{\"@type\":\"PropertyValueSpecification\",\"valueRequired\":true,\"valueName\":\"search_term_string\"}}],\"inLanguage\":\"de\"}]}<\/script>\n<!-- \/ Yoast SEO plugin. -->","yoast_head_json":{"title":"Im Schritt-Tempo fortschreiten: Zeit - HCP&#039;s Galerie-up-Draht","robots":{"index":"index","follow":"follow","max-snippet":"max-snippet:-1","max-image-preview":"max-image-preview:large","max-video-preview":"max-video-preview:-1"},"canonical":"https:\/\/shop2.hcpetersen.de\/index.php\/product\/im-schritt-tempo-fortschreiten-zeit-2\/","og_locale":"de_DE","og_type":"article","og_title":"Im Schritt-Tempo fortschreiten: Zeit - HCP&#039;s Galerie-up-Draht","og_description":"Eine kleine Philosophie der Insel - Folge III","og_url":"https:\/\/shop2.hcpetersen.de\/index.php\/product\/im-schritt-tempo-fortschreiten-zeit-2\/","og_site_name":"HCP&#039;s Galerie-up-Draht","article_modified_time":"2025-03-18T16:44:37+00:00","og_image":[{"width":577,"height":800,"url":"https:\/\/shop2.hcpetersen.de\/wp-content\/uploads\/2021\/03\/05.jpg","type":"image\/jpeg"}],"twitter_card":"summary_large_image","twitter_misc":{"Gesch\u00e4tzte Lesezeit":"2\u00a0Minuten"},"schema":{"@context":"https:\/\/schema.org","@graph":[{"@type":"WebPage","@id":"https:\/\/shop2.hcpetersen.de\/index.php\/product\/im-schritt-tempo-fortschreiten-zeit-2\/","url":"https:\/\/shop2.hcpetersen.de\/index.php\/product\/im-schritt-tempo-fortschreiten-zeit-2\/","name":"Im Schritt-Tempo fortschreiten: Zeit - HCP&#039;s Galerie-up-Draht","isPartOf":{"@id":"https:\/\/shop2.hcpetersen.de\/#website"},"primaryImageOfPage":{"@id":"https:\/\/shop2.hcpetersen.de\/index.php\/product\/im-schritt-tempo-fortschreiten-zeit-2\/#primaryimage"},"image":{"@id":"https:\/\/shop2.hcpetersen.de\/index.php\/product\/im-schritt-tempo-fortschreiten-zeit-2\/#primaryimage"},"thumbnailUrl":"https:\/\/i0.wp.com\/shop2.hcpetersen.de\/wp-content\/uploads\/2021\/03\/05.jpg?fit=577%2C800&ssl=1","datePublished":"2021-03-09T07:57:32+00:00","dateModified":"2025-03-18T16:44:37+00:00","breadcrumb":{"@id":"https:\/\/shop2.hcpetersen.de\/index.php\/product\/im-schritt-tempo-fortschreiten-zeit-2\/#breadcrumb"},"inLanguage":"de","potentialAction":[{"@type":"ReadAction","target":["https:\/\/shop2.hcpetersen.de\/index.php\/product\/im-schritt-tempo-fortschreiten-zeit-2\/"]}]},{"@type":"ImageObject","inLanguage":"de","@id":"https:\/\/shop2.hcpetersen.de\/index.php\/product\/im-schritt-tempo-fortschreiten-zeit-2\/#primaryimage","url":"https:\/\/i0.wp.com\/shop2.hcpetersen.de\/wp-content\/uploads\/2021\/03\/05.jpg?fit=577%2C800&ssl=1","contentUrl":"https:\/\/i0.wp.com\/shop2.hcpetersen.de\/wp-content\/uploads\/2021\/03\/05.jpg?fit=577%2C800&ssl=1","width":577,"height":800},{"@type":"BreadcrumbList","@id":"https:\/\/shop2.hcpetersen.de\/index.php\/product\/im-schritt-tempo-fortschreiten-zeit-2\/#breadcrumb","itemListElement":[{"@type":"ListItem","position":1,"name":"Home","item":"https:\/\/shop2.hcpetersen.de\/"},{"@type":"ListItem","position":2,"name":"Shop","item":"https:\/\/shop2.hcpetersen.de\/"},{"@type":"ListItem","position":3,"name":"Im Schritt-Tempo fortschreiten: Zeit"}]},{"@type":"WebSite","@id":"https:\/\/shop2.hcpetersen.de\/#website","url":"https:\/\/shop2.hcpetersen.de\/","name":"HCP&#039;s Galerie-up-Draht","description":"(dat is mien Online-Shop)","potentialAction":[{"@type":"SearchAction","target":{"@type":"EntryPoint","urlTemplate":"https:\/\/shop2.hcpetersen.de\/?s={search_term_string}"},"query-input":{"@type":"PropertyValueSpecification","valueRequired":true,"valueName":"search_term_string"}}],"inLanguage":"de"}]}},"jetpack_sharing_enabled":true,"_links":{"self":[{"href":"https:\/\/shop2.hcpetersen.de\/index.php\/wp-json\/wp\/v2\/product\/144","targetHints":{"allow":["GET"]}}],"collection":[{"href":"https:\/\/shop2.hcpetersen.de\/index.php\/wp-json\/wp\/v2\/product"}],"about":[{"href":"https:\/\/shop2.hcpetersen.de\/index.php\/wp-json\/wp\/v2\/types\/product"}],"replies":[{"embeddable":true,"href":"https:\/\/shop2.hcpetersen.de\/index.php\/wp-json\/wp\/v2\/comments?post=144"}],"wp:featuredmedia":[{"embeddable":true,"href":"https:\/\/shop2.hcpetersen.de\/index.php\/wp-json\/wp\/v2\/media\/143"}],"wp:attachment":[{"href":"https:\/\/shop2.hcpetersen.de\/index.php\/wp-json\/wp\/v2\/media?parent=144"}],"wp:term":[{"taxonomy":"product_brand","embeddable":true,"href":"https:\/\/shop2.hcpetersen.de\/index.php\/wp-json\/wp\/v2\/product_brand?post=144"},{"taxonomy":"product_cat","embeddable":true,"href":"https:\/\/shop2.hcpetersen.de\/index.php\/wp-json\/wp\/v2\/product_cat?post=144"},{"taxonomy":"product_tag","embeddable":true,"href":"https:\/\/shop2.hcpetersen.de\/index.php\/wp-json\/wp\/v2\/product_tag?post=144"}],"curies":[{"name":"wp","href":"https:\/\/api.w.org\/{rel}","templated":true}]}}