{"id":135,"date":"2021-03-09T07:44:18","date_gmt":"2021-03-09T07:44:18","guid":{"rendered":"https:\/\/shop2.hcpetersen.de\/?post_type=product&#038;p=135"},"modified":"2025-04-17T12:11:02","modified_gmt":"2025-04-17T12:11:02","slug":"kaeptn-jokas-auf-den-inseln-in-der-ruhe-hinter-dem-sturm","status":"publish","type":"product","link":"https:\/\/shop2.hcpetersen.de\/index.php\/product\/kaeptn-jokas-auf-den-inseln-in-der-ruhe-hinter-dem-sturm\/","title":{"rendered":"K\u00e4pt&#8217;n Jokas &#8211; auf den Inseln in der Ruhe hinter dem Sturm"},"content":{"rendered":"<div id=\"desc\" class=\"ui-tabs-panel ui-widget-content ui-corner-bottom\" role=\"tabpanel\" aria-labelledby=\"ui-id-1\" aria-hidden=\"false\">\n<article>Ein M\u00e4rchen K\u00e4pt&#8217;n Jokas hat nie in die Kiste gesehen, die ihm Gl\u00fcck bringen soll. Doch nachdem er sie im Sturm verloren hat, wei\u00df er, da\u00df ihm etwas fehlt. Er macht sich auf die Suche und ger\u00e4t in das wundersame Gebiet der unbekannten Inseln, die in keiner Seekarte verzeichnet sind. Wird er seine Kiste hier finden? K\u00e4pt&#8217;n Jokas erlebt merkw\u00fcrdige Geschichten, trifft Geschw\u00e4tzige, die ohne Fragen antworten, einen Dichter, der seinen Vogel grau anmalt, damit ihn niemand stiehlt, und G\u00e4rtner, die im Regen Blumen gie\u00dfen, weil sie den Befehl haben. Diese und andere Begegnungen lauern auf K\u00e4pt&#8217;n Jokas, w\u00e4hrend er sich auf jeder Insel unerkl\u00e4rlich ver\u00e4ndert. <em>Erwachsene brauchen keine M\u00e4rchen? Von wegen! Wer mit K\u00e4pt&#8217;n Jokas in See sticht, wird eines besseren belehrt. Diese schillernde Welt l\u00e4\u00dft Erinnerungen wach werden an Der kleine Prinz oder Sophies Welt.<\/em><br \/>\n(Radiopastor Jan von Lingen, Ev. Radiokirche im NDR)Autor: Axel Schlote \/ Illustrationen: Hans-Christian Petersen<\/p>\n<p>104 Seiten, Paperback, s\/w-Zeichnungen und farbige Aquarelle<\/p>\n<p><strong>Die Lieferung erfolgt portofrei! Bitte lassen Sie sich auf der Bestellseite nicht irritieren. <\/strong><\/p>\n<\/article>\n<\/div>\n","protected":false},"excerpt":{"rendered":"<p>&#8230;eine abenteuerliche Reise zu wundersamen Inseln.<\/p>\n","protected":false},"featured_media":136,"comment_status":"open","ping_status":"closed","template":"","meta":[],"product_brand":[],"product_cat":[44],"product_tag":[],"class_list":{"0":"post-135","1":"product","2":"type-product","3":"status-publish","4":"has-post-thumbnail","6":"product_cat-buecher","7":"product_shipping_class-kostenloser-versand","9":"first","10":"instock","11":"taxable","12":"shipping-taxable","13":"purchasable","14":"product-type-simple"},"yoast_head":"<!-- This site is optimized with the Yoast SEO plugin v27.6 - https:\/\/yoast.com\/product\/yoast-seo-wordpress\/ -->\n<title>K\u00e4pt&#039;n Jokas - auf den Inseln in der Ruhe hinter dem Sturm - HCP&#039;s Galerie-up-Draht<\/title>\n<meta name=\"robots\" content=\"index, follow, max-snippet:-1, max-image-preview:large, max-video-preview:-1\" \/>\n<link rel=\"canonical\" href=\"https:\/\/shop2.hcpetersen.de\/index.php\/product\/kaeptn-jokas-auf-den-inseln-in-der-ruhe-hinter-dem-sturm\/\" \/>\n<meta property=\"og:locale\" content=\"de_DE\" \/>\n<meta property=\"og:type\" content=\"article\" \/>\n<meta property=\"og:title\" content=\"K\u00e4pt&#039;n Jokas - auf den Inseln in der Ruhe hinter dem Sturm - HCP&#039;s Galerie-up-Draht\" \/>\n<meta property=\"og:description\" content=\"...eine abenteuerliche Reise zu wundersamen Inseln.\" \/>\n<meta property=\"og:url\" content=\"https:\/\/shop2.hcpetersen.de\/index.php\/product\/kaeptn-jokas-auf-den-inseln-in-der-ruhe-hinter-dem-sturm\/\" \/>\n<meta property=\"og:site_name\" content=\"HCP&#039;s Galerie-up-Draht\" \/>\n<meta property=\"article:modified_time\" content=\"2025-04-17T12:11:02+00:00\" \/>\n<meta property=\"og:image\" content=\"https:\/\/shop2.hcpetersen.de\/wp-content\/uploads\/2021\/03\/02.jpg\" \/>\n\t<meta property=\"og:image:width\" content=\"255\" \/>\n\t<meta property=\"og:image:height\" content=\"357\" \/>\n\t<meta property=\"og:image:type\" content=\"image\/jpeg\" \/>\n<meta name=\"twitter:card\" content=\"summary_large_image\" \/>\n<meta name=\"twitter:label1\" content=\"Gesch\u00e4tzte Lesezeit\" \/>\n\t<meta name=\"twitter:data1\" content=\"2\u00a0Minuten\" \/>\n<script type=\"application\/ld+json\" class=\"yoast-schema-graph\">{\"@context\":\"https:\\\/\\\/schema.org\",\"@graph\":[{\"@type\":\"WebPage\",\"@id\":\"https:\\\/\\\/shop2.hcpetersen.de\\\/index.php\\\/product\\\/kaeptn-jokas-auf-den-inseln-in-der-ruhe-hinter-dem-sturm\\\/\",\"url\":\"https:\\\/\\\/shop2.hcpetersen.de\\\/index.php\\\/product\\\/kaeptn-jokas-auf-den-inseln-in-der-ruhe-hinter-dem-sturm\\\/\",\"name\":\"K\u00e4pt'n Jokas - auf den Inseln in der Ruhe hinter dem Sturm - HCP&#039;s Galerie-up-Draht\",\"isPartOf\":{\"@id\":\"https:\\\/\\\/shop2.hcpetersen.de\\\/#website\"},\"primaryImageOfPage\":{\"@id\":\"https:\\\/\\\/shop2.hcpetersen.de\\\/index.php\\\/product\\\/kaeptn-jokas-auf-den-inseln-in-der-ruhe-hinter-dem-sturm\\\/#primaryimage\"},\"image\":{\"@id\":\"https:\\\/\\\/shop2.hcpetersen.de\\\/index.php\\\/product\\\/kaeptn-jokas-auf-den-inseln-in-der-ruhe-hinter-dem-sturm\\\/#primaryimage\"},\"thumbnailUrl\":\"https:\\\/\\\/i0.wp.com\\\/shop2.hcpetersen.de\\\/wp-content\\\/uploads\\\/2021\\\/03\\\/02.jpg?fit=255%2C357&ssl=1\",\"datePublished\":\"2021-03-09T07:44:18+00:00\",\"dateModified\":\"2025-04-17T12:11:02+00:00\",\"breadcrumb\":{\"@id\":\"https:\\\/\\\/shop2.hcpetersen.de\\\/index.php\\\/product\\\/kaeptn-jokas-auf-den-inseln-in-der-ruhe-hinter-dem-sturm\\\/#breadcrumb\"},\"inLanguage\":\"de\",\"potentialAction\":[{\"@type\":\"ReadAction\",\"target\":[\"https:\\\/\\\/shop2.hcpetersen.de\\\/index.php\\\/product\\\/kaeptn-jokas-auf-den-inseln-in-der-ruhe-hinter-dem-sturm\\\/\"]}]},{\"@type\":\"ImageObject\",\"inLanguage\":\"de\",\"@id\":\"https:\\\/\\\/shop2.hcpetersen.de\\\/index.php\\\/product\\\/kaeptn-jokas-auf-den-inseln-in-der-ruhe-hinter-dem-sturm\\\/#primaryimage\",\"url\":\"https:\\\/\\\/i0.wp.com\\\/shop2.hcpetersen.de\\\/wp-content\\\/uploads\\\/2021\\\/03\\\/02.jpg?fit=255%2C357&ssl=1\",\"contentUrl\":\"https:\\\/\\\/i0.wp.com\\\/shop2.hcpetersen.de\\\/wp-content\\\/uploads\\\/2021\\\/03\\\/02.jpg?fit=255%2C357&ssl=1\",\"width\":255,\"height\":357},{\"@type\":\"BreadcrumbList\",\"@id\":\"https:\\\/\\\/shop2.hcpetersen.de\\\/index.php\\\/product\\\/kaeptn-jokas-auf-den-inseln-in-der-ruhe-hinter-dem-sturm\\\/#breadcrumb\",\"itemListElement\":[{\"@type\":\"ListItem\",\"position\":1,\"name\":\"Home\",\"item\":\"https:\\\/\\\/shop2.hcpetersen.de\\\/\"},{\"@type\":\"ListItem\",\"position\":2,\"name\":\"Shop\",\"item\":\"https:\\\/\\\/shop2.hcpetersen.de\\\/\"},{\"@type\":\"ListItem\",\"position\":3,\"name\":\"K\u00e4pt&#8217;n Jokas &#8211; auf den Inseln in der Ruhe hinter dem Sturm\"}]},{\"@type\":\"WebSite\",\"@id\":\"https:\\\/\\\/shop2.hcpetersen.de\\\/#website\",\"url\":\"https:\\\/\\\/shop2.hcpetersen.de\\\/\",\"name\":\"HCP&#039;s Galerie-up-Draht\",\"description\":\"(dat is mien Online-Shop)\",\"potentialAction\":[{\"@type\":\"SearchAction\",\"target\":{\"@type\":\"EntryPoint\",\"urlTemplate\":\"https:\\\/\\\/shop2.hcpetersen.de\\\/?s={search_term_string}\"},\"query-input\":{\"@type\":\"PropertyValueSpecification\",\"valueRequired\":true,\"valueName\":\"search_term_string\"}}],\"inLanguage\":\"de\"}]}<\/script>\n<!-- \/ Yoast SEO plugin. -->","yoast_head_json":{"title":"K\u00e4pt'n Jokas - auf den Inseln in der Ruhe hinter dem Sturm - HCP&#039;s Galerie-up-Draht","robots":{"index":"index","follow":"follow","max-snippet":"max-snippet:-1","max-image-preview":"max-image-preview:large","max-video-preview":"max-video-preview:-1"},"canonical":"https:\/\/shop2.hcpetersen.de\/index.php\/product\/kaeptn-jokas-auf-den-inseln-in-der-ruhe-hinter-dem-sturm\/","og_locale":"de_DE","og_type":"article","og_title":"K\u00e4pt'n Jokas - auf den Inseln in der Ruhe hinter dem Sturm - HCP&#039;s Galerie-up-Draht","og_description":"...eine abenteuerliche Reise zu wundersamen Inseln.","og_url":"https:\/\/shop2.hcpetersen.de\/index.php\/product\/kaeptn-jokas-auf-den-inseln-in-der-ruhe-hinter-dem-sturm\/","og_site_name":"HCP&#039;s Galerie-up-Draht","article_modified_time":"2025-04-17T12:11:02+00:00","og_image":[{"width":255,"height":357,"url":"https:\/\/shop2.hcpetersen.de\/wp-content\/uploads\/2021\/03\/02.jpg","type":"image\/jpeg"}],"twitter_card":"summary_large_image","twitter_misc":{"Gesch\u00e4tzte Lesezeit":"2\u00a0Minuten"},"schema":{"@context":"https:\/\/schema.org","@graph":[{"@type":"WebPage","@id":"https:\/\/shop2.hcpetersen.de\/index.php\/product\/kaeptn-jokas-auf-den-inseln-in-der-ruhe-hinter-dem-sturm\/","url":"https:\/\/shop2.hcpetersen.de\/index.php\/product\/kaeptn-jokas-auf-den-inseln-in-der-ruhe-hinter-dem-sturm\/","name":"K\u00e4pt'n Jokas - auf den Inseln in der Ruhe hinter dem Sturm - HCP&#039;s Galerie-up-Draht","isPartOf":{"@id":"https:\/\/shop2.hcpetersen.de\/#website"},"primaryImageOfPage":{"@id":"https:\/\/shop2.hcpetersen.de\/index.php\/product\/kaeptn-jokas-auf-den-inseln-in-der-ruhe-hinter-dem-sturm\/#primaryimage"},"image":{"@id":"https:\/\/shop2.hcpetersen.de\/index.php\/product\/kaeptn-jokas-auf-den-inseln-in-der-ruhe-hinter-dem-sturm\/#primaryimage"},"thumbnailUrl":"https:\/\/i0.wp.com\/shop2.hcpetersen.de\/wp-content\/uploads\/2021\/03\/02.jpg?fit=255%2C357&ssl=1","datePublished":"2021-03-09T07:44:18+00:00","dateModified":"2025-04-17T12:11:02+00:00","breadcrumb":{"@id":"https:\/\/shop2.hcpetersen.de\/index.php\/product\/kaeptn-jokas-auf-den-inseln-in-der-ruhe-hinter-dem-sturm\/#breadcrumb"},"inLanguage":"de","potentialAction":[{"@type":"ReadAction","target":["https:\/\/shop2.hcpetersen.de\/index.php\/product\/kaeptn-jokas-auf-den-inseln-in-der-ruhe-hinter-dem-sturm\/"]}]},{"@type":"ImageObject","inLanguage":"de","@id":"https:\/\/shop2.hcpetersen.de\/index.php\/product\/kaeptn-jokas-auf-den-inseln-in-der-ruhe-hinter-dem-sturm\/#primaryimage","url":"https:\/\/i0.wp.com\/shop2.hcpetersen.de\/wp-content\/uploads\/2021\/03\/02.jpg?fit=255%2C357&ssl=1","contentUrl":"https:\/\/i0.wp.com\/shop2.hcpetersen.de\/wp-content\/uploads\/2021\/03\/02.jpg?fit=255%2C357&ssl=1","width":255,"height":357},{"@type":"BreadcrumbList","@id":"https:\/\/shop2.hcpetersen.de\/index.php\/product\/kaeptn-jokas-auf-den-inseln-in-der-ruhe-hinter-dem-sturm\/#breadcrumb","itemListElement":[{"@type":"ListItem","position":1,"name":"Home","item":"https:\/\/shop2.hcpetersen.de\/"},{"@type":"ListItem","position":2,"name":"Shop","item":"https:\/\/shop2.hcpetersen.de\/"},{"@type":"ListItem","position":3,"name":"K\u00e4pt&#8217;n Jokas &#8211; auf den Inseln in der Ruhe hinter dem Sturm"}]},{"@type":"WebSite","@id":"https:\/\/shop2.hcpetersen.de\/#website","url":"https:\/\/shop2.hcpetersen.de\/","name":"HCP&#039;s Galerie-up-Draht","description":"(dat is mien Online-Shop)","potentialAction":[{"@type":"SearchAction","target":{"@type":"EntryPoint","urlTemplate":"https:\/\/shop2.hcpetersen.de\/?s={search_term_string}"},"query-input":{"@type":"PropertyValueSpecification","valueRequired":true,"valueName":"search_term_string"}}],"inLanguage":"de"}]}},"jetpack_sharing_enabled":true,"_links":{"self":[{"href":"https:\/\/shop2.hcpetersen.de\/index.php\/wp-json\/wp\/v2\/product\/135","targetHints":{"allow":["GET"]}}],"collection":[{"href":"https:\/\/shop2.hcpetersen.de\/index.php\/wp-json\/wp\/v2\/product"}],"about":[{"href":"https:\/\/shop2.hcpetersen.de\/index.php\/wp-json\/wp\/v2\/types\/product"}],"replies":[{"embeddable":true,"href":"https:\/\/shop2.hcpetersen.de\/index.php\/wp-json\/wp\/v2\/comments?post=135"}],"wp:featuredmedia":[{"embeddable":true,"href":"https:\/\/shop2.hcpetersen.de\/index.php\/wp-json\/wp\/v2\/media\/136"}],"wp:attachment":[{"href":"https:\/\/shop2.hcpetersen.de\/index.php\/wp-json\/wp\/v2\/media?parent=135"}],"wp:term":[{"taxonomy":"product_brand","embeddable":true,"href":"https:\/\/shop2.hcpetersen.de\/index.php\/wp-json\/wp\/v2\/product_brand?post=135"},{"taxonomy":"product_cat","embeddable":true,"href":"https:\/\/shop2.hcpetersen.de\/index.php\/wp-json\/wp\/v2\/product_cat?post=135"},{"taxonomy":"product_tag","embeddable":true,"href":"https:\/\/shop2.hcpetersen.de\/index.php\/wp-json\/wp\/v2\/product_tag?post=135"}],"curies":[{"name":"wp","href":"https:\/\/api.w.org\/{rel}","templated":true}]}}